{"id":3599,"date":"2025-09-07T09:40:37","date_gmt":"2025-09-07T09:40:37","guid":{"rendered":"https:\/\/fr.ekosjaj.rs\/locations\/"},"modified":"2026-01-07T12:51:57","modified_gmt":"2026-01-07T12:51:57","slug":"zones-desservies","status":"publish","type":"page","link":"https:\/\/fr.ekosjaj.rs\/en\/zones-desservies\/","title":{"rendered":"Zones desservies"},"content":{"rendered":"\t\t<div data-elementor-type=\"wp-page\" data-elementor-id=\"3599\" class=\"elementor elementor-3599 elementor-1022\" data-elementor-post-type=\"page\">\n\t\t\t\t<div class=\"elementor-element elementor-element-245b184 e-flex e-con-boxed e-con e-parent\" data-id=\"245b184\" data-element_type=\"container\">\n\t\t\t\t\t<div class=\"e-con-inner\">\n\t\t\t\t<div class=\"elementor-element elementor-element-1c040ae elementor-widget elementor-widget-heading\" data-id=\"1c040ae\" data-element_type=\"widget\" data-widget_type=\"heading.default\">\n\t\t\t\t\t<h2 class=\"elementor-heading-title elementor-size-default\">ZONES DESSERVIES<\/h2>\t\t\t\t<\/div>\n\t\t\t\t<div class=\"elementor-element elementor-element-2dbd36a elementor-widget elementor-widget-text-editor\" data-id=\"2dbd36a\" data-element_type=\"widget\" data-widget_type=\"text-editor.default\">\n\t\t\t\t\t\t\t\t\t<p>Bas\u00e9s \u00e0 Nice, nous intervenons exclusivement sur le littoral jusqu&#8217;\u00e0 Monaco. Cette zone volontairement restreinte nous permet d&#8217;assurer une grande r\u00e9activit\u00e9, une qualit\u00e9 constante et des intervenants qui connaissent parfaitement votre domicile.<\/p><p><iframe loading=\"lazy\" src=\"https:\/\/www.google.com\/maps\/d\/u\/0\/embed?mid=1X7BUhxHd3nSBBagsHVCT6Ebm95neR7Y&amp;ehbc=2E312F&amp;noprof=1\" width=\"640\" height=\"480\"><\/iframe><\/p>\t\t\t\t\t\t\t\t<\/div>\n\t\t\t\t<div class=\"elementor-element elementor-element-54e969a elementor-widget elementor-widget-text-editor\" data-id=\"54e969a\" data-element_type=\"widget\" data-widget_type=\"text-editor.default\">\n\t\t\t\t\t\t\t\t\t<p>Cette carte montre les zones que nous desservons. Si vous \u00eates \u00e0 proximit\u00e9 mais en dehors de la zone marqu\u00e9e, nous pouvons peut-\u00eatre intervenir chez vous. Contactez-nous.<\/p>\t\t\t\t\t\t\t\t<\/div>\n\t\t\t\t\t<\/div>\n\t\t\t\t<\/div>\n\t\t\t\t<\/div>\n\t\t","protected":false},"excerpt":{"rendered":"<p>&#8230;<\/p>\n","protected":false},"author":1,"featured_media":0,"parent":0,"menu_order":0,"comment_status":"closed","ping_status":"closed","template":"","meta":{"footnotes":""},"class_list":["post-3599","page","type-page","status-publish","hentry"],"_links":{"self":[{"href":"https:\/\/fr.ekosjaj.rs\/en\/wp-json\/wp\/v2\/pages\/3599","targetHints":{"allow":["GET"]}}],"collection":[{"href":"https:\/\/fr.ekosjaj.rs\/en\/wp-json\/wp\/v2\/pages"}],"about":[{"href":"https:\/\/fr.ekosjaj.rs\/en\/wp-json\/wp\/v2\/types\/page"}],"author":[{"embeddable":true,"href":"https:\/\/fr.ekosjaj.rs\/en\/wp-json\/wp\/v2\/users\/1"}],"replies":[{"embeddable":true,"href":"https:\/\/fr.ekosjaj.rs\/en\/wp-json\/wp\/v2\/comments?post=3599"}],"version-history":[{"count":33,"href":"https:\/\/fr.ekosjaj.rs\/en\/wp-json\/wp\/v2\/pages\/3599\/revisions"}],"predecessor-version":[{"id":4273,"href":"https:\/\/fr.ekosjaj.rs\/en\/wp-json\/wp\/v2\/pages\/3599\/revisions\/4273"}],"wp:attachment":[{"href":"https:\/\/fr.ekosjaj.rs\/en\/wp-json\/wp\/v2\/media?parent=3599"}],"curies":[{"name":"wp","href":"https:\/\/api.w.org\/{rel}","templated":true}]}}